{"id":5769,"date":"2016-07-05T05:53:33","date_gmt":"2016-07-05T05:53:33","guid":{"rendered":"http:\/\/bubacomix.net\/?page_id=5769"},"modified":"2019-05-01T00:14:21","modified_gmt":"2019-05-01T05:14:21","slug":"el-autor","status":"publish","type":"page","link":"https:\/\/bubacomix.net\/?page_id=5769","title":{"rendered":"El Autor"},"content":{"rendered":"<div class=\"wpb-content-wrapper\"><p>[vc_row row_type=&#8221;parallax&#8221; type=&#8221;full_width&#8221; text_align=&#8221;left&#8221; background_image=&#8221;348510&#8243; full_screen_section_height=&#8221;no&#8221; section_height=&#8221;400&#8243;][vc_column][\/vc_column][\/vc_row][vc_row row_type=&#8221;row&#8221; use_row_as_full_screen_section=&#8221;no&#8221; type=&#8221;grid&#8221; text_align=&#8221;left&#8221; box_shadow_on_row=&#8221;no&#8221;][vc_column][vc_single_image image=&#8221;348401&#8243; img_size=&#8221;full&#8221; alignment=&#8221;center&#8221; eltd_css_animation=&#8221;element_from_bottom&#8221;][vc_empty_space image_repeat=&#8221;no-repeat&#8221;][vc_separator size=&#8221;medium&#8221; type=&#8221;transparent&#8221; up=&#8221;-100&#8243; up_style=&#8221;px&#8221; down_style=&#8221;px&#8221;][\/vc_column][\/vc_row][vc_row row_type=&#8221;row&#8221; use_row_as_full_screen_section=&#8221;no&#8221; type=&#8221;grid&#8221; text_align=&#8221;center&#8221; padding_top=&#8221;34&#8243; padding_bottom=&#8221;62&#8243; box_shadow_on_row=&#8221;no&#8221;][vc_column]<div class=\"custom_font_holder\" style=\"font-family: Norican; font-size: 30px; font-style: italic; font-weight: 300; color: #bc522b; text-decoration: none; letter-spacing: 2px;; padding: 0; margin: 0; text-transform: none; text-align: center\" data-font-size=30 ><div  >Sobre el Autor<\/div><\/div>[vc_empty_space image_repeat=&#8221;no-repeat&#8221;][vc_separator width=&#8221;100&#8243; thickness=&#8221;2&#8243; type=&#8221;small&#8221; position=&#8221;center&#8221; color=&#8221;#dbdbdb&#8221; border_style=&#8221;solid&#8221; up=&#8221;9&#8243; up_style=&#8221;px&#8221; down=&#8221;15&#8243; down_style=&#8221;px&#8221;][vc_empty_space image_repeat=&#8221;no-repeat&#8221;][vc_column_text]<\/p>\n<h1 style=\"text-align: center;\">Jos\u00e9 Quintero<\/h1>\n<p>[\/vc_column_text][vc_column_text]<\/p>\n<h3 style=\"text-align: center;\">Dibujante premoderno y neobarroco.<\/h3>\n<p>[\/vc_column_text][vc_empty_space image_repeat=&#8221;no-repeat&#8221;][vc_separator type=&#8221;transparent&#8221; up=&#8221;33&#8243; up_style=&#8221;px&#8221; down=&#8221;0&#8243; down_style=&#8221;px&#8221;][vc_empty_space image_repeat=&#8221;no-repeat&#8221;][vc_column_text]<\/p>\n<h4>Dibujar a Buba est\u00e1 en mi naturaleza. Nada hay que resulte tan propio, tan leg\u00edtimamente m\u00edo como el hecho de articular dibujos, versos y humor para amalgamarlos con ese estoico personaje de gr\u00e1cil carita y sentimientos abismales. Nada hay que revele tanto mi m\u00e1s profundo yo y que sea, a la vez, tan remotamente distinto a mi. Buba es noble, fuerte y amorosa; yo soy todo lo contrario.<\/h4>\n<h4>Sus virtudes terap\u00e9uticas son enormes; Me permite establecer un di\u00e1logo interno que soy incapaz de plantearme de otra manera. Buba sabe entenderse muy bien con mi inconsciente berrinchudo, violento e infantil (al fin ni\u00f1os) y drenar creativamente toda la pus emocional que rodea peligrosamente las paredes de mi coraz\u00f3n. No han sido pocas las veces que, reci\u00e9n terminada una historieta, soy el primero en sorprenderse del resultado y exclamar para mis adentros: \u201c\u00bfY esto de d\u00f3nde sali\u00f3?\u201d.<\/h4>\n<h4>El universo gr\u00e1fico de Buba est\u00e1, seg\u00fan me parece, a la altura de su abanico emocional. Disfruto mucho al dibujarla y me siento impelido a mostrar lo mejor de mi repertorio t\u00e9cnico en la elaboraci\u00f3n de cada historieta o ilustraci\u00f3n. Con ella pasa lo que con las flores: debajo de su aparente sencillez se oculta una enorme complejidad (al fin flor de adrenalina).<\/h4>\n<h4>He dibujado estos c\u00f3mix desde los diecisiete y espero seguir dibuj\u00e1ndolos 55 a\u00f1os m\u00e1s porque (no s\u00e9 si se los hab\u00eda dicho) espero vivir hasta los 100 y sobre todo porque (tampoco recuerdo si lo dije ya) dibujar a Buba est\u00e1 en mi naturaleza.<\/h4>\n<p>[\/vc_column_text][vc_empty_space image_repeat=&#8221;no-repeat&#8221;][vc_separator type=&#8221;transparent&#8221; up=&#8221;51&#8243; up_style=&#8221;px&#8221; down=&#8221;0&#8243; down_style=&#8221;px&#8221;][vc_empty_space image_repeat=&#8221;no-repeat&#8221;]<span class=\"eltd_icon_shade eltd_icon_shortcode  roll_over simple_line_icons normal   \"  ><a href=\"https:\/\/twitter.com\/Pepe_Quintero\" target=\"_blank\" style=\"color: #464646;\" ><i class=\"eltd_icon_simple_line_icon icon-social-twitter \" style=\"font-size: 45px;color: #464646;line-height:47px;color:#464646;\" data-color=\"#464646\" data-hover-color=\"#bc522b\" ><\/i><i class=\"eltd_icon_simple_line_icon icon-social-twitter hover_icon\" style=\"font-size: 45px;color: #464646;line-height:47px;color:#464646; color:#bc522b!important;\" data-color=\"#464646\" data-hover-color=\"#bc522b\" ><\/i><\/a><\/span>[vc_empty_space image_repeat=&#8221;no-repeat&#8221;][vc_separator type=&#8221;transparent&#8221; up=&#8221;14&#8243; up_style=&#8221;px&#8221; down=&#8221;0&#8243; down_style=&#8221;px&#8221;][vc_empty_space image_repeat=&#8221;no-repeat&#8221;][vc_column_text]<span style=\"color: #e6735c;\">Mi cuenta en Twitter<\/span>[\/vc_column_text][\/vc_column][\/vc_row][vc_row row_type=&#8221;row&#8221; use_row_as_full_screen_section=&#8221;no&#8221; type=&#8221;full_width&#8221; text_align=&#8221;left&#8221; box_shadow_on_row=&#8221;no&#8221;][vc_column][\/vc_column][\/vc_row]<\/p>\n<\/div>","protected":false},"excerpt":{"rendered":"<p>[vc_row row_type=&#8221;parallax&#8221; type=&#8221;full_width&#8221; text_align=&#8221;left&#8221; background_image=&#8221;348510&#8243; full_screen_section_height=&#8221;no&#8221; section_height=&#8221;400&#8243;][vc_column][\/vc_column][\/vc_row][vc_row row_type=&#8221;row&#8221; use_row_as_full_screen_section=&#8221;no&#8221; type=&#8221;grid&#8221; text_align=&#8221;left&#8221; box_shadow_on_row=&#8221;no&#8221;][vc_column][vc_single_image image=&#8221;348401&#8243; img_size=&#8221;full&#8221; alignment=&#8221;center&#8221; eltd_css_animation=&#8221;element_from_bottom&#8221;][vc_empty_space image_repeat=&#8221;no-repeat&#8221;][vc_separator size=&#8221;medium&#8221; type=&#8221;transparent&#8221; up=&#8221;-100&#8243; up_style=&#8221;px&#8221; down_style=&#8221;px&#8221;][\/vc_column][\/vc_row][vc_row row_type=&#8221;row&#8221; use_row_as_full_screen_section=&#8221;no&#8221; type=&#8221;grid&#8221; text_align=&#8221;center&#8221; padding_top=&#8221;34&#8243; padding_bottom=&#8221;62&#8243; box_shadow_on_row=&#8221;no&#8221;][vc_column][vc_empty_space image_repeat=&#8221;no-repeat&#8221;][vc_separator width=&#8221;100&#8243; thickness=&#8221;2&#8243; type=&#8221;small&#8221; position=&#8221;center&#8221; color=&#8221;#dbdbdb&#8221; border_style=&#8221;solid&#8221; up=&#8221;9&#8243; up_style=&#8221;px&#8221; down=&#8221;15&#8243; down_style=&#8221;px&#8221;][vc_empty_space image_repeat=&#8221;no-repeat&#8221;][vc_column_text] Jos\u00e9 Quintero [\/vc_column_text][vc_column_text] Dibujante&#8230;<\/p>\n","protected":false},"author":2,"featured_media":0,"parent":0,"menu_order":0,"comment_status":"closed","ping_status":"closed","template":"full_width.php","meta":{"footnotes":""},"class_list":["post-5769","page","type-page","status-publish","hentry"],"_links":{"self":[{"href":"https:\/\/bubacomix.net\/index.php?rest_route=\/wp\/v2\/pages\/5769","targetHints":{"allow":["GET"]}}],"collection":[{"href":"https:\/\/bubacomix.net\/index.php?rest_route=\/wp\/v2\/pages"}],"about":[{"href":"https:\/\/bubacomix.net\/index.php?rest_route=\/wp\/v2\/types\/page"}],"author":[{"embeddable":true,"href":"https:\/\/bubacomix.net\/index.php?rest_route=\/wp\/v2\/users\/2"}],"replies":[{"embeddable":true,"href":"https:\/\/bubacomix.net\/index.php?rest_route=%2Fwp%2Fv2%2Fcomments&post=5769"}],"version-history":[{"count":19,"href":"https:\/\/bubacomix.net\/index.php?rest_route=\/wp\/v2\/pages\/5769\/revisions"}],"predecessor-version":[{"id":349022,"href":"https:\/\/bubacomix.net\/index.php?rest_route=\/wp\/v2\/pages\/5769\/revisions\/349022"}],"wp:attachment":[{"href":"https:\/\/bubacomix.net\/index.php?rest_route=%2Fwp%2Fv2%2Fmedia&parent=5769"}],"curies":[{"name":"wp","href":"https:\/\/api.w.org\/{rel}","templated":true}]}}